
{"id":119,"date":"2015-08-26T06:29:08","date_gmt":"2015-08-26T04:29:08","guid":{"rendered":"http:\/\/www.escuelamusicaburgos.com\/?page_id=119"},"modified":"2024-07-15T17:49:20","modified_gmt":"2024-07-15T15:49:20","slug":"agrupaciones","status":"publish","type":"page","link":"https:\/\/escuelamusicaburgos.com\/?page_id=119","title":{"rendered":"Agrupaciones"},"content":{"rendered":"<div class='one_third ' ><a href=\"http:\/\/www.escuelamusicaburgos.com\/wp-content\/uploads\/2015\/08\/31528240_Agrupaciones.jpg\"><img loading=\"lazy\" class=\"imgborder aligncenter wp-image-246 size-full\" title=\"Agrupacion\" src=\"http:\/\/www.escuelamusicaburgos.com\/wp-content\/uploads\/2015\/08\/31528240_Agrupaciones.jpg\" alt=\"Orquesta\" width=\"450\" height=\"300\" srcset=\"https:\/\/escuelamusicaburgos.com\/wp-content\/uploads\/2015\/08\/31528240_Agrupaciones.jpg 450w, https:\/\/escuelamusicaburgos.com\/wp-content\/uploads\/2015\/08\/31528240_Agrupaciones-300x200.jpg 300w\" sizes=\"(max-width: 450px) 100vw, 450px\" \/><\/a> <\/div>\n<div class='two_third last' >\n<ul>\n<li>Coro de J\u00f3venes<\/li>\n<li>Coro de Adultos<\/li>\n<li>Banda de la Escuela de M\u00fasica<\/li>\n<li>Orquesta de Cuerda<\/li>\n<li>Agrupaci\u00f3n de Guitarras<\/li>\n<li>Agrupaci\u00f3n de Vientos<\/li>\n<li>Agrupaci\u00f3n de Flautas traveseras<\/li>\n<li>Combos Modernos (guitarras el\u00e9ctricas, bajo, bater\u00eda, teclado y voz)<\/li>\n<\/ul>\n<\/div>\n<p>Las agrupaciones de la Escuela Municipal de M\u00fasica de Burgos est\u00e1n pensadas para dar cabida y continuidad a todas las personas que deseen practicar M\u00fasica de Conjunto de una manera amateur.<\/p>\n<p>Para formar parte de alguna de las agrupaciones de la Escuela Municipal de M\u00fasica de Burgos hay opciones diferentes:<\/p>\n<ol>\n<li>Estar cursando al menos 3\u00ba de instrumento y Formaci\u00f3n Musical de la 2\u00aa Etapa del Plan de Estudios de la escuela.<\/li>\n<li>Haber finalizado la 3\u00aa Etapa del Plan de Estudios de la escuela y continuar formando parte de alguna de las agrupaciones (Orquesta, Banda o Coro).<\/li>\n<li>Ser solamente componente de alguna de las agrupaciones si se pasa una prueba de aptitud (para las agrupaciones de Coro) o de conocimientos (para Orquesta y Banda). Excepto Combos (obligatorio ser alumnos de la Escuela).<\/li>\n<\/ol>\n","protected":false},"excerpt":{"rendered":"<p>Las agrupaciones de la Escuela Municipal de M\u00fasica de Burgos est\u00e1n pensadas para dar cabida y continuidad a todas las personas que deseen practicar M\u00fasica de Conjunto de una manera amateur. Para formar parte de alguna de las agrupaciones de la Escuela Municipal de M\u00fasica de Burgos hay opciones diferentes: Estar cursando al menos 3\u00ba&#8230;<\/p>\n","protected":false},"author":1,"featured_media":0,"parent":0,"menu_order":0,"comment_status":"closed","ping_status":"closed","template":"","meta":[],"_links":{"self":[{"href":"https:\/\/escuelamusicaburgos.com\/index.php?rest_route=\/wp\/v2\/pages\/119"}],"collection":[{"href":"https:\/\/escuelamusicaburgos.com\/index.php?rest_route=\/wp\/v2\/pages"}],"about":[{"href":"https:\/\/escuelamusicaburgos.com\/index.php?rest_route=\/wp\/v2\/types\/page"}],"author":[{"embeddable":true,"href":"https:\/\/escuelamusicaburgos.com\/index.php?rest_route=\/wp\/v2\/users\/1"}],"replies":[{"embeddable":true,"href":"https:\/\/escuelamusicaburgos.com\/index.php?rest_route=%2Fwp%2Fv2%2Fcomments&post=119"}],"version-history":[{"count":11,"href":"https:\/\/escuelamusicaburgos.com\/index.php?rest_route=\/wp\/v2\/pages\/119\/revisions"}],"predecessor-version":[{"id":4001,"href":"https:\/\/escuelamusicaburgos.com\/index.php?rest_route=\/wp\/v2\/pages\/119\/revisions\/4001"}],"wp:attachment":[{"href":"https:\/\/escuelamusicaburgos.com\/index.php?rest_route=%2Fwp%2Fv2%2Fmedia&parent=119"}],"curies":[{"name":"wp","href":"https:\/\/api.w.org\/{rel}","templated":true}]}}